{"id":3981,"date":"2018-09-11T07:52:29","date_gmt":"2018-09-11T05:52:29","guid":{"rendered":"http:\/\/travelandrun.blog\/?page_id=3981"},"modified":"2018-09-25T01:44:26","modified_gmt":"2018-09-24T23:44:26","slug":"pacifique","status":"publish","type":"page","link":"https:\/\/travelandrun.blog\/en\/pacifique\/","title":{"rendered":"Oceania islands &#8211; The summary map"},"content":{"rendered":"<p><\/p>\n<h2><span style=\"font-family: arial, helvetica, sans-serif; font-size: 10pt;\">My discovery of the Pacific began in 2016 when I decided to visit a friend in Vanuatu.<\/span><\/h2>\n<ul>\n<li>\n<h3><span style=\"font-family: 'arial black', sans-serif; font-size: 12pt;\">The Map<\/span><\/h3>\n<\/li>\n<\/ul>\n<p><span style=\"font-family: arial,helvetica,sans-serif; font-size: 10pt;\">Find here a map of the Pacific to visualize the different islands visited. I hope to be able to extend my discovery of this region of the world!<\/span><\/p>\n<div class=\"novo-map-container\" style=\"width: 100%; height: 300px\">\n    <div id=\"IlesduPacifique3uSWC5rP7Q\" style=\"width:100%; height:100%\"><\/div>\n<\/div>\n<p>&nbsp;<\/p>\n<p>&nbsp;<\/p>\n<ul>\n<li>\n<h3><span style=\"font-family: 'arial black', sans-serif; font-size: 12pt;\">The Vanuatu<\/span><\/h3>\n<\/li>\n<\/ul>\n<p><span style=\"font-family: arial, helvetica, sans-serif; font-size: 10pt;\">I spent a week in 2016, here is my <a href=\"http:\/\/travelandrun.blog\/voyage\/oceanie\/oceanie-divers\/vanuatu-mai-2016\/\">summary<\/a>.<\/span><\/p>\n<ul>\n<li>\n<h3><span style=\"font-family: 'arial black', sans-serif; font-size: 12pt;\">The french Polynesia<\/span><\/h3>\n<\/li>\n<\/ul>\n<p><span style=\"font-family: arial, helvetica, sans-serif; font-size: 10pt;\">I spent a week discovering <a href=\"http:\/\/travelandrun.blog\/voyage\/oceanie\/oceanie-divers\/polynesie-mai-2016\/\">Tahiti<\/a>, Moorea and Huahine.<\/span><\/p>\n<ul>\n<li>\n<h3><span style=\"font-family: 'arial black', sans-serif; font-size: 12pt;\">Cook islands<\/span><\/h3>\n<\/li>\n<\/ul>\n<p><span style=\"font-family: arial, helvetica, sans-serif; font-size: 10pt;\">The new-zealanders polynesia!<\/span><\/p>\n<p><span style=\"font-family: arial, helvetica, sans-serif; font-size: 10pt;\"><a href=\"http:\/\/travelandrun.blog\/voyage\/oceanie\/oceanie-divers\/iles-cook-resume\/\">My summary post<\/a><\/span><\/p>\n<p><span style=\"font-family: arial, helvetica, sans-serif; font-size: 10pt;\"><a href=\"http:\/\/travelandrun.blog\/voyage\/oceanie\/oceanie-divers\/aitutaki\/\">Aitutaki<\/a>,the most beautiful attoll in the world<\/span><\/p>\n<p><span style=\"font-family: arial, helvetica, sans-serif; font-size: 10pt;\"><a href=\"http:\/\/travelandrun.blog\/voyage\/oceanie\/oceanie-divers\/rarotonga\/\">Rarotonga<\/a>, the main island<\/span><\/p>\n<ul>\n<li>\n<h3><span style=\"font-family: 'arial black', sans-serif; font-size: 12pt;\">New Caledonia<\/span><\/h3>\n<\/li>\n<\/ul>\n<p><span style=\"font-family: arial, helvetica, sans-serif; font-size: 10pt;\">I had the opportunity to stay there for one week only (for now).<\/span><\/p>\n<p><span style=\"font-family: arial, helvetica, sans-serif; font-size: 10pt;\"><a href=\"http:\/\/travelandrun.blog\/voyage\/oceanie\/oceanie-divers\/caledonie-resume\/\">My summary post<\/a><\/span><\/p>\n<p><span style=\"font-family: arial, helvetica, sans-serif; font-size: 10pt;\"><a href=\"http:\/\/travelandrun.blog\/voyage\/oceanie\/oceanie-divers\/noumea\/\">Noumea<\/a><\/span><\/p>\n<p><span style=\"font-family: arial, helvetica, sans-serif; font-size: 10pt;\">Isle of\u00a0<a href=\"http:\/\/travelandrun.blog\/voyage\/oceanie\/oceanie-divers\/pins-nc\/\">Pines<\/a>\u00a0Visit of bay of Upi and natural pool<\/span><\/p>\n<p><span style=\"font-family: arial, helvetica, sans-serif; font-size: 10pt;\"><a href=\"http:\/\/travelandrun.blog\/voyage\/oceanie\/oceanie-divers\/ouvea-nc\/\">Ouvea<\/a>\u00a0The paradisiacal beach of Mouli! And meeting with manta rays<\/span><\/p>\n<p><a href=\"\/\/www.pinterest.com\/pin\/create\/button\/\" data-pin-do=\"buttonBookmark\" data-pin-color=\"red\" data-pin-height=\"128\"><img data-recalc-dims=\"1\" decoding=\"async\" src=\"https:\/\/i0.wp.com\/assets.pinterest.com\/images\/pidgets\/pinit_fg_en_rect_red_28.png?w=940\" \/><\/a><\/p>","protected":false},"excerpt":{"rendered":"<p>My discovery of the Pacific began in 2016 when I decided to visit a friend in Vanuatu. The Map Find here a map of the Pacific to visualize the different islands visited. I hope to be able to extend my discovery of this region of the world! &nbsp; &nbsp; The Vanuatu I spent a week in 2016, here is my summary. The french Polynesia I spent a week discovering Tahiti, Moorea and Huahine. Cook islands The new-zealanders polynesia! My summary post Aitutaki,the most beautiful attoll in the world Rarotonga, the main island New Caledonia I had the opportunity to&hellip;<\/p>\n","protected":false},"author":1,"featured_media":4025,"parent":0,"menu_order":0,"comment_status":"closed","ping_status":"closed","template":"","meta":{"_exactmetrics_skip_tracking":false,"_exactmetrics_sitenote_active":false,"_exactmetrics_sitenote_note":"","_exactmetrics_sitenote_category":0,"jetpack_post_was_ever_published":false,"footnotes":""},"class_list":["post-3981","page","type-page","status-publish","has-post-thumbnail","hentry"],"yoast_head":"<!-- This site is optimized with the Yoast SEO plugin v27.4 - https:\/\/yoast.com\/product\/yoast-seo-wordpress\/ -->\n<title>Oceania islands - The summary map - Travel and run<\/title>\n<meta name=\"description\" content=\"La carte de incluant tous mes articles de blog concernant les iles du Pacifique. Retrouvez les liens vers tous les articles de mon blog\" \/>\n<meta name=\"robots\" content=\"index, follow, max-snippet:-1, max-image-preview:large, max-video-preview:-1\" \/>\n<link rel=\"canonical\" href=\"https:\/\/travelandrun.blog\/en\/pacifique\/\" \/>\n<meta property=\"og:locale\" content=\"en_US\" \/>\n<meta property=\"og:type\" content=\"article\" \/>\n<meta property=\"og:title\" content=\"Oceania islands - The summary map - Travel and run\" \/>\n<meta property=\"og:description\" content=\"La carte de incluant tous mes articles de blog concernant les iles du Pacifique. Retrouvez les liens vers tous les articles de mon blog\" \/>\n<meta property=\"og:url\" content=\"https:\/\/travelandrun.blog\/pacifique\/\" \/>\n<meta property=\"og:site_name\" content=\"Travel and run\" \/>\n<meta property=\"article:modified_time\" content=\"2018-09-24T23:44:26+00:00\" \/>\n<meta property=\"og:image\" content=\"https:\/\/i1.wp.com\/travelandrun.blog\/wp-content\/uploads\/2018\/09\/Mouli_2.jpg?fit=6000%2C4000&ssl=1\" \/>\n\t<meta property=\"og:image:width\" content=\"6000\" \/>\n\t<meta property=\"og:image:height\" content=\"4000\" \/>\n\t<meta property=\"og:image:type\" content=\"image\/jpeg\" \/>\n<meta name=\"twitter:card\" content=\"summary_large_image\" \/>\n<meta name=\"twitter:label1\" content=\"Est. reading time\" \/>\n\t<meta name=\"twitter:data1\" content=\"1 minute\" \/>\n<script type=\"application\/ld+json\" class=\"yoast-schema-graph\">{\"@context\":\"https:\\\/\\\/schema.org\",\"@graph\":[{\"@type\":\"WebPage\",\"@id\":\"https:\\\/\\\/travelandrun.blog\\\/pacifique\\\/\",\"url\":\"https:\\\/\\\/travelandrun.blog\\\/pacifique\\\/\",\"name\":\"Oceania islands - The summary map - Travel and run\",\"isPartOf\":{\"@id\":\"https:\\\/\\\/travelandrun.blog\\\/#website\"},\"primaryImageOfPage\":{\"@id\":\"https:\\\/\\\/travelandrun.blog\\\/pacifique\\\/#primaryimage\"},\"image\":{\"@id\":\"https:\\\/\\\/travelandrun.blog\\\/pacifique\\\/#primaryimage\"},\"thumbnailUrl\":\"https:\\\/\\\/i0.wp.com\\\/travelandrun.blog\\\/wp-content\\\/uploads\\\/2018\\\/09\\\/Mouli_2.jpg?fit=6000%2C4000&ssl=1\",\"datePublished\":\"2018-09-11T05:52:29+00:00\",\"dateModified\":\"2018-09-24T23:44:26+00:00\",\"description\":\"La carte de incluant tous mes articles de blog concernant les iles du Pacifique. Retrouvez les liens vers tous les articles de mon blog\",\"breadcrumb\":{\"@id\":\"https:\\\/\\\/travelandrun.blog\\\/pacifique\\\/#breadcrumb\"},\"inLanguage\":\"en-US\",\"potentialAction\":[{\"@type\":\"ReadAction\",\"target\":[\"https:\\\/\\\/travelandrun.blog\\\/pacifique\\\/\"]}]},{\"@type\":\"ImageObject\",\"inLanguage\":\"en-US\",\"@id\":\"https:\\\/\\\/travelandrun.blog\\\/pacifique\\\/#primaryimage\",\"url\":\"https:\\\/\\\/i0.wp.com\\\/travelandrun.blog\\\/wp-content\\\/uploads\\\/2018\\\/09\\\/Mouli_2.jpg?fit=6000%2C4000&ssl=1\",\"contentUrl\":\"https:\\\/\\\/i0.wp.com\\\/travelandrun.blog\\\/wp-content\\\/uploads\\\/2018\\\/09\\\/Mouli_2.jpg?fit=6000%2C4000&ssl=1\",\"width\":6000,\"height\":4000,\"caption\":\"mouli-ouvea-caledonie\"},{\"@type\":\"BreadcrumbList\",\"@id\":\"https:\\\/\\\/travelandrun.blog\\\/pacifique\\\/#breadcrumb\",\"itemListElement\":[{\"@type\":\"ListItem\",\"position\":1,\"name\":\"Accueil\",\"item\":\"https:\\\/\\\/travelandrun.blog\\\/\"},{\"@type\":\"ListItem\",\"position\":2,\"name\":\"Iles d&rsquo;Oc\u00e9anie &#8211; La carte r\u00e9sum\u00e9e\"}]},{\"@type\":\"WebSite\",\"@id\":\"https:\\\/\\\/travelandrun.blog\\\/#website\",\"url\":\"https:\\\/\\\/travelandrun.blog\\\/\",\"name\":\"Travel and run\",\"description\":\"Voyage solo et running\",\"publisher\":{\"@id\":\"https:\\\/\\\/travelandrun.blog\\\/#\\\/schema\\\/person\\\/6331ad6252d4c26751a5335e4efe7c41\"},\"potentialAction\":[{\"@type\":\"SearchAction\",\"target\":{\"@type\":\"EntryPoint\",\"urlTemplate\":\"https:\\\/\\\/travelandrun.blog\\\/?s={search_term_string}\"},\"query-input\":{\"@type\":\"PropertyValueSpecification\",\"valueRequired\":true,\"valueName\":\"search_term_string\"}}],\"inLanguage\":\"en-US\"},{\"@type\":[\"Person\",\"Organization\"],\"@id\":\"https:\\\/\\\/travelandrun.blog\\\/#\\\/schema\\\/person\\\/6331ad6252d4c26751a5335e4efe7c41\",\"name\":\"Travelandrun\",\"image\":{\"@type\":\"ImageObject\",\"inLanguage\":\"en-US\",\"@id\":\"https:\\\/\\\/secure.gravatar.com\\\/avatar\\\/14b3ceb4dd5a7845d61aa09ffd851c32b70656e1d53161c07e49eacdeaa46cf4?s=96&d=mm&r=g\",\"url\":\"https:\\\/\\\/secure.gravatar.com\\\/avatar\\\/14b3ceb4dd5a7845d61aa09ffd851c32b70656e1d53161c07e49eacdeaa46cf4?s=96&d=mm&r=g\",\"contentUrl\":\"https:\\\/\\\/secure.gravatar.com\\\/avatar\\\/14b3ceb4dd5a7845d61aa09ffd851c32b70656e1d53161c07e49eacdeaa46cf4?s=96&d=mm&r=g\",\"caption\":\"Travelandrun\"},\"logo\":{\"@id\":\"https:\\\/\\\/secure.gravatar.com\\\/avatar\\\/14b3ceb4dd5a7845d61aa09ffd851c32b70656e1d53161c07e49eacdeaa46cf4?s=96&d=mm&r=g\"}}]}<\/script>\n<!-- \/ Yoast SEO plugin. -->","yoast_head_json":{"title":"Oceania islands - The summary map - Travel and run","description":"La carte de incluant tous mes articles de blog concernant les iles du Pacifique. Retrouvez les liens vers tous les articles de mon blog","robots":{"index":"index","follow":"follow","max-snippet":"max-snippet:-1","max-image-preview":"max-image-preview:large","max-video-preview":"max-video-preview:-1"},"canonical":"https:\/\/travelandrun.blog\/en\/pacifique\/","og_locale":"en_US","og_type":"article","og_title":"Oceania islands - The summary map - Travel and run","og_description":"La carte de incluant tous mes articles de blog concernant les iles du Pacifique. Retrouvez les liens vers tous les articles de mon blog","og_url":"https:\/\/travelandrun.blog\/pacifique\/","og_site_name":"Travel and run","article_modified_time":"2018-09-24T23:44:26+00:00","og_image":[{"width":6000,"height":4000,"url":"https:\/\/i1.wp.com\/travelandrun.blog\/wp-content\/uploads\/2018\/09\/Mouli_2.jpg?fit=6000%2C4000&ssl=1","type":"image\/jpeg"}],"twitter_card":"summary_large_image","twitter_misc":{"Est. reading time":"1 minute"},"schema":{"@context":"https:\/\/schema.org","@graph":[{"@type":"WebPage","@id":"https:\/\/travelandrun.blog\/pacifique\/","url":"https:\/\/travelandrun.blog\/pacifique\/","name":"Oceania islands - The summary map - Travel and run","isPartOf":{"@id":"https:\/\/travelandrun.blog\/#website"},"primaryImageOfPage":{"@id":"https:\/\/travelandrun.blog\/pacifique\/#primaryimage"},"image":{"@id":"https:\/\/travelandrun.blog\/pacifique\/#primaryimage"},"thumbnailUrl":"https:\/\/i0.wp.com\/travelandrun.blog\/wp-content\/uploads\/2018\/09\/Mouli_2.jpg?fit=6000%2C4000&ssl=1","datePublished":"2018-09-11T05:52:29+00:00","dateModified":"2018-09-24T23:44:26+00:00","description":"La carte de incluant tous mes articles de blog concernant les iles du Pacifique. Retrouvez les liens vers tous les articles de mon blog","breadcrumb":{"@id":"https:\/\/travelandrun.blog\/pacifique\/#breadcrumb"},"inLanguage":"en-US","potentialAction":[{"@type":"ReadAction","target":["https:\/\/travelandrun.blog\/pacifique\/"]}]},{"@type":"ImageObject","inLanguage":"en-US","@id":"https:\/\/travelandrun.blog\/pacifique\/#primaryimage","url":"https:\/\/i0.wp.com\/travelandrun.blog\/wp-content\/uploads\/2018\/09\/Mouli_2.jpg?fit=6000%2C4000&ssl=1","contentUrl":"https:\/\/i0.wp.com\/travelandrun.blog\/wp-content\/uploads\/2018\/09\/Mouli_2.jpg?fit=6000%2C4000&ssl=1","width":6000,"height":4000,"caption":"mouli-ouvea-caledonie"},{"@type":"BreadcrumbList","@id":"https:\/\/travelandrun.blog\/pacifique\/#breadcrumb","itemListElement":[{"@type":"ListItem","position":1,"name":"Accueil","item":"https:\/\/travelandrun.blog\/"},{"@type":"ListItem","position":2,"name":"Iles d&rsquo;Oc\u00e9anie &#8211; La carte r\u00e9sum\u00e9e"}]},{"@type":"WebSite","@id":"https:\/\/travelandrun.blog\/#website","url":"https:\/\/travelandrun.blog\/","name":"Travel and run","description":"Voyage solo et running","publisher":{"@id":"https:\/\/travelandrun.blog\/#\/schema\/person\/6331ad6252d4c26751a5335e4efe7c41"},"potentialAction":[{"@type":"SearchAction","target":{"@type":"EntryPoint","urlTemplate":"https:\/\/travelandrun.blog\/?s={search_term_string}"},"query-input":{"@type":"PropertyValueSpecification","valueRequired":true,"valueName":"search_term_string"}}],"inLanguage":"en-US"},{"@type":["Person","Organization"],"@id":"https:\/\/travelandrun.blog\/#\/schema\/person\/6331ad6252d4c26751a5335e4efe7c41","name":"Travelandrun","image":{"@type":"ImageObject","inLanguage":"en-US","@id":"https:\/\/secure.gravatar.com\/avatar\/14b3ceb4dd5a7845d61aa09ffd851c32b70656e1d53161c07e49eacdeaa46cf4?s=96&d=mm&r=g","url":"https:\/\/secure.gravatar.com\/avatar\/14b3ceb4dd5a7845d61aa09ffd851c32b70656e1d53161c07e49eacdeaa46cf4?s=96&d=mm&r=g","contentUrl":"https:\/\/secure.gravatar.com\/avatar\/14b3ceb4dd5a7845d61aa09ffd851c32b70656e1d53161c07e49eacdeaa46cf4?s=96&d=mm&r=g","caption":"Travelandrun"},"logo":{"@id":"https:\/\/secure.gravatar.com\/avatar\/14b3ceb4dd5a7845d61aa09ffd851c32b70656e1d53161c07e49eacdeaa46cf4?s=96&d=mm&r=g"}}]}},"jetpack_sharing_enabled":true,"jetpack_shortlink":"https:\/\/wp.me\/P9EXJl-12d","jetpack_likes_enabled":true,"jetpack-related-posts":[{"id":3581,"url":"https:\/\/travelandrun.blog\/en\/asie-se\/","url_meta":{"origin":3981,"position":0},"title":"Southest Asia &#8211; The summary map","author":"Travelandrun","date":"Friday June  1st, 2018","format":false,"excerpt":"I discovered Southeast Asie in 2016 during a stopover in Singapore. The map Find here a South Asia map to visualise spots I visited.\u00a0Click on each pin to discover the dedicated post \ud83d\ude42 \u00a0 Malaysia Kuala Lumpur Philippines Apo Island Bohol Coron Malapascua Manila Siquijor Singapore Stopover day in Singapour","rel":"","context":"Similar post","block_context":{"text":"Similar post","link":""},"img":{"alt_text":"kayangan lake Coron Philippines","src":"https:\/\/i0.wp.com\/travelandrun.blog\/wp-content\/uploads\/2019\/01\/kayangan-lake_1-min.jpg?fit=1200%2C800&ssl=1&resize=350%2C200","width":350,"height":200,"srcset":"https:\/\/i0.wp.com\/travelandrun.blog\/wp-content\/uploads\/2019\/01\/kayangan-lake_1-min.jpg?fit=1200%2C800&ssl=1&resize=350%2C200 1x, https:\/\/i0.wp.com\/travelandrun.blog\/wp-content\/uploads\/2019\/01\/kayangan-lake_1-min.jpg?fit=1200%2C800&ssl=1&resize=525%2C300 1.5x, https:\/\/i0.wp.com\/travelandrun.blog\/wp-content\/uploads\/2019\/01\/kayangan-lake_1-min.jpg?fit=1200%2C800&ssl=1&resize=700%2C400 2x, https:\/\/i0.wp.com\/travelandrun.blog\/wp-content\/uploads\/2019\/01\/kayangan-lake_1-min.jpg?fit=1200%2C800&ssl=1&resize=1050%2C600 3x"},"classes":[]},{"id":3537,"url":"https:\/\/travelandrun.blog\/en\/asie-s\/","url_meta":{"origin":3981,"position":1},"title":"South Asia &#8211; The summary map","author":"Travelandrun","date":"Wednesday May 30th, 2018","format":false,"excerpt":"I discovered South Asie in 2017 during my trip in Sri Lanka. The map Find here a South Asia map to visualise spots I visited.\u00a0Click on each pin to discover the dedicated post \ud83d\ude42 \u00a0 Sri Lanka The summary post Kandy (and Sigiriya) Ella (and the mythical train journey) Uda\u2026","rel":"","context":"Similar post","block_context":{"text":"Similar post","link":""},"img":{"alt_text":"train-kandy-ella","src":"https:\/\/i0.wp.com\/travelandrun.blog\/wp-content\/uploads\/2017\/11\/train-kandy_ella_4.jpg?fit=1200%2C799&ssl=1&resize=350%2C200","width":350,"height":200,"srcset":"https:\/\/i0.wp.com\/travelandrun.blog\/wp-content\/uploads\/2017\/11\/train-kandy_ella_4.jpg?fit=1200%2C799&ssl=1&resize=350%2C200 1x, https:\/\/i0.wp.com\/travelandrun.blog\/wp-content\/uploads\/2017\/11\/train-kandy_ella_4.jpg?fit=1200%2C799&ssl=1&resize=525%2C300 1.5x, https:\/\/i0.wp.com\/travelandrun.blog\/wp-content\/uploads\/2017\/11\/train-kandy_ella_4.jpg?fit=1200%2C799&ssl=1&resize=700%2C400 2x, https:\/\/i0.wp.com\/travelandrun.blog\/wp-content\/uploads\/2017\/11\/train-kandy_ella_4.jpg?fit=1200%2C799&ssl=1&resize=1050%2C600 3x"},"classes":[]},{"id":3387,"url":"https:\/\/travelandrun.blog\/en\/nouvelle-zelande-carte\/","url_meta":{"origin":3981,"position":2},"title":"New Zealand &#8211; The summary map","author":"Travelandrun","date":"Friday May 25th, 2018","format":false,"excerpt":"After a first trip in 2016, I decided to come back for a year in New Zealand (with a WHT visa). The map Find here a New Zealand map to visualize spots I visited. Click on each pin to discover the dedicated post \ud83d\ude42 \u00a0 \u00a0 I grouped all spots\u2026","rel":"","context":"Similar post","block_context":{"text":"Similar post","link":""},"img":{"alt_text":"moeraki boulders-NZ","src":"https:\/\/i0.wp.com\/travelandrun.blog\/wp-content\/uploads\/2018\/07\/Moeraki-boulders_2.jpg?fit=1200%2C799&ssl=1&resize=350%2C200","width":350,"height":200,"srcset":"https:\/\/i0.wp.com\/travelandrun.blog\/wp-content\/uploads\/2018\/07\/Moeraki-boulders_2.jpg?fit=1200%2C799&ssl=1&resize=350%2C200 1x, https:\/\/i0.wp.com\/travelandrun.blog\/wp-content\/uploads\/2018\/07\/Moeraki-boulders_2.jpg?fit=1200%2C799&ssl=1&resize=525%2C300 1.5x, https:\/\/i0.wp.com\/travelandrun.blog\/wp-content\/uploads\/2018\/07\/Moeraki-boulders_2.jpg?fit=1200%2C799&ssl=1&resize=700%2C400 2x, https:\/\/i0.wp.com\/travelandrun.blog\/wp-content\/uploads\/2018\/07\/Moeraki-boulders_2.jpg?fit=1200%2C799&ssl=1&resize=1050%2C600 3x"},"classes":[]},{"id":5115,"url":"https:\/\/travelandrun.blog\/en\/europe-carte\/","url_meta":{"origin":3981,"position":3},"title":"Europe : The summary map","author":"Travelandrun","date":"Thursday December 19th, 2019","format":false,"excerpt":"Europe, the old continent! History, architecture but also crazy landscapes! The map Find a map of Europe here to view the various points of interest. Making regular trips, the card will be supplemented gradually. Click on each marker to discover my dedicated article. \u00a0 Here are also my posts by\u2026","rel":"","context":"Similar post","block_context":{"text":"Similar post","link":""},"img":{"alt_text":"","src":"https:\/\/i0.wp.com\/travelandrun.blog\/wp-content\/uploads\/2020\/09\/Sacre-coeur_1-scaled.jpg?fit=1200%2C799&ssl=1&resize=350%2C200","width":350,"height":200,"srcset":"https:\/\/i0.wp.com\/travelandrun.blog\/wp-content\/uploads\/2020\/09\/Sacre-coeur_1-scaled.jpg?fit=1200%2C799&ssl=1&resize=350%2C200 1x, https:\/\/i0.wp.com\/travelandrun.blog\/wp-content\/uploads\/2020\/09\/Sacre-coeur_1-scaled.jpg?fit=1200%2C799&ssl=1&resize=525%2C300 1.5x, https:\/\/i0.wp.com\/travelandrun.blog\/wp-content\/uploads\/2020\/09\/Sacre-coeur_1-scaled.jpg?fit=1200%2C799&ssl=1&resize=700%2C400 2x, https:\/\/i0.wp.com\/travelandrun.blog\/wp-content\/uploads\/2020\/09\/Sacre-coeur_1-scaled.jpg?fit=1200%2C799&ssl=1&resize=1050%2C600 3x"},"classes":[]},{"id":3592,"url":"https:\/\/travelandrun.blog\/en\/australie\/","url_meta":{"origin":3981,"position":4},"title":"Australia &#8211; The summary map","author":"Travelandrun","date":"Wednesday June  6th, 2018","format":false,"excerpt":"During my stay in Oceania, I took a WHV for Australia as well. The map Find here an australian map to visualise spots I visited. My real trip (long stay) will start in 2019, you'll find more information then.\u00a0Click on each pin to discover the dedicated post \ud83d\ude42 \u00a0 Road\u2026","rel":"","context":"Similar post","block_context":{"text":"Similar post","link":""},"img":{"alt_text":"Lucky bay Australie WA","src":"https:\/\/i0.wp.com\/travelandrun.blog\/wp-content\/uploads\/2020\/01\/Lucky-bay_5-min-scaled.jpg?fit=1200%2C799&ssl=1&resize=350%2C200","width":350,"height":200,"srcset":"https:\/\/i0.wp.com\/travelandrun.blog\/wp-content\/uploads\/2020\/01\/Lucky-bay_5-min-scaled.jpg?fit=1200%2C799&ssl=1&resize=350%2C200 1x, https:\/\/i0.wp.com\/travelandrun.blog\/wp-content\/uploads\/2020\/01\/Lucky-bay_5-min-scaled.jpg?fit=1200%2C799&ssl=1&resize=525%2C300 1.5x, https:\/\/i0.wp.com\/travelandrun.blog\/wp-content\/uploads\/2020\/01\/Lucky-bay_5-min-scaled.jpg?fit=1200%2C799&ssl=1&resize=700%2C400 2x, https:\/\/i0.wp.com\/travelandrun.blog\/wp-content\/uploads\/2020\/01\/Lucky-bay_5-min-scaled.jpg?fit=1200%2C799&ssl=1&resize=1050%2C600 3x"},"classes":[]},{"id":3299,"url":"https:\/\/travelandrun.blog\/en\/politique-de-cookie\/","url_meta":{"origin":3981,"position":5},"title":"Cookie policy","author":"Travelandrun","date":"Monday April  9th, 2018","format":false,"excerpt":"This site uses cookies-small text files that are placed on your machine to help the site to provide a better user experience. In general, cookies are used to preserve user preferences, store information for things like shopping carts and provide anonymized tracking data to third-party applications like Google Analytics. As\u2026","rel":"","context":"Similar post","block_context":{"text":"Similar post","link":""},"img":{"alt_text":"","src":"","width":0,"height":0},"classes":[]}],"_links":{"self":[{"href":"https:\/\/travelandrun.blog\/en\/wp-json\/wp\/v2\/pages\/3981","targetHints":{"allow":["GET"]}}],"collection":[{"href":"https:\/\/travelandrun.blog\/en\/wp-json\/wp\/v2\/pages"}],"about":[{"href":"https:\/\/travelandrun.blog\/en\/wp-json\/wp\/v2\/types\/page"}],"author":[{"embeddable":true,"href":"https:\/\/travelandrun.blog\/en\/wp-json\/wp\/v2\/users\/1"}],"replies":[{"embeddable":true,"href":"https:\/\/travelandrun.blog\/en\/wp-json\/wp\/v2\/comments?post=3981"}],"version-history":[{"count":5,"href":"https:\/\/travelandrun.blog\/en\/wp-json\/wp\/v2\/pages\/3981\/revisions"}],"predecessor-version":[{"id":4140,"href":"https:\/\/travelandrun.blog\/en\/wp-json\/wp\/v2\/pages\/3981\/revisions\/4140"}],"wp:featuredmedia":[{"embeddable":true,"href":"https:\/\/travelandrun.blog\/en\/wp-json\/wp\/v2\/media\/4025"}],"wp:attachment":[{"href":"https:\/\/travelandrun.blog\/en\/wp-json\/wp\/v2\/media?parent=3981"}],"curies":[{"name":"wp","href":"https:\/\/api.w.org\/{rel}","templated":true}]}}