{"id":5115,"date":"2019-12-19T20:05:52","date_gmt":"2019-12-19T19:05:52","guid":{"rendered":"http:\/\/travelandrun.blog\/?page_id=5115"},"modified":"2023-12-16T14:59:04","modified_gmt":"2023-12-16T13:59:04","slug":"europe-carte","status":"publish","type":"page","link":"https:\/\/travelandrun.blog\/en\/europe-carte\/","title":{"rendered":"Europe : The summary map"},"content":{"rendered":"<p><\/p>\n<h2 style=\"text-align: left;\"><span style=\"font-family: arial, helvetica, sans-serif; font-size: 10pt;\">Europe, the old continent! History, architecture but also crazy landscapes!<\/span><\/h2>\n<ul>\n<li>\n<h3><span style=\"font-family: 'arial black', sans-serif; font-size: 12pt;\">The map<\/span><\/h3>\n<\/li>\n<\/ul>\n<p style=\"text-align: left;\"><span style=\"font-family: arial,helvetica,sans-serif; font-size: 10pt;\">Find a map of Europe here to view the various points of interest. Making regular trips, the card will be supplemented gradually. Click on each marker to discover my dedicated article.<\/span><\/p>\n<div class=\"novo-map-container\" style=\"width: 100%; height: 600px\">\n    <div id=\"EuropeJ4ty3AB70b\" style=\"width:100%; height:100%\"><\/div>\n<\/div>\n<p>&nbsp;<\/p>\n<p style=\"text-align: left;\"><span style=\"font-family: arial, helvetica, sans-serif; font-size: 10pt;\">Here are also my posts by country<\/span><\/p>\n<ul>\n<li>\n<h3><span style=\"font-family: arial black, sans-serif; font-size: 12pt;\">Belgium<\/span><\/h3>\n<\/li>\n<\/ul>\n<p><a href=\"https:\/\/travelandrun.blog\/voyage\/europe\/belgique\/anvers\/\"><span style=\"font-family: arial, helvetica, sans-serif; font-size: 10pt;\">Antwerpen<\/span><\/a><\/p>\n<p><a href=\"https:\/\/travelandrun.blog\/voyage\/europe\/belgique\/bruxelles\/\"><span style=\"font-family: arial, helvetica, sans-serif; font-size: 10pt;\">Brussels<\/span><\/a><\/p>\n<ul>\n<li>\n<h3><span style=\"font-family: 'arial black', sans-serif; font-size: 12pt;\">Croatia<\/span><\/h3>\n<\/li>\n<\/ul>\n<p><span style=\"font-family: arial, helvetica, sans-serif; font-size: 10pt;\"><a href=\"https:\/\/travelandrun.blog\/voyage\/europe\/croatie\/les-parcs-nationaux-croates\/\">National parks<\/a>\u00a0(Plitvice \/ Krka)<\/span><\/p>\n<ul>\n<li>\n<h3><span style=\"font-family: 'arial black', sans-serif; font-size: 12pt;\">Spain<\/span><\/h3>\n<\/li>\n<\/ul>\n<p><a href=\"https:\/\/travelandrun.blog\/voyage\/europe\/espagne\/alicante\/\"><span style=\"font-family: arial, helvetica, sans-serif; font-size: 10pt;\">Alicante<\/span><\/a><\/p>\n<p><a href=\"http:\/\/travelandrun.blog\/voyage\/europe\/espagne\/barcelone-aout-2015\/\"><span style=\"font-family: arial, helvetica, sans-serif; font-size: 10pt;\">Barcelona<\/span><\/a><\/p>\n<p><a href=\"http:\/\/travelandrun.blog\/running\/compte-rendu\/madrid-avril-2017\/\"><span style=\"font-family: arial, helvetica, sans-serif; font-size: 10pt;\">Madrid<\/span><\/a><\/p>\n<p><a href=\"http:\/\/travelandrun.blog\/voyage\/europe\/espagne\/valence-juin-2015\/\"><span style=\"font-family: arial, helvetica, sans-serif; font-size: 10pt;\">Valence<\/span><\/a><\/p>\n<ul>\n<li>\n<h3><span style=\"font-family: 'arial black', sans-serif; font-size: 12pt;\">France<\/span><\/h3>\n<\/li>\n<\/ul>\n<p><span style=\"font-family: arial, helvetica, sans-serif; font-size: 10pt;\"><a href=\"https:\/\/travelandrun.blog\/voyage\/europe\/france\/chartres\/\">Chartres<\/a><\/span><\/p>\n<p><span style=\"font-family: arial, helvetica, sans-serif; font-size: 10pt;\"><a href=\"http:\/\/travelandrun.blog\/running\/compte-rendu\/semi-marathon-de-colmar-2017\/\">Colmar<\/a> (visite et semi-marathon)<\/span><\/p>\n<p><a href=\"https:\/\/travelandrun.blog\/voyage\/europe\/france\/week-end-etretat\/\"><span style=\"font-family: arial, helvetica, sans-serif; font-size: 10pt;\">Etretat<\/span><\/a><\/p>\n<p><span style=\"font-family: arial, helvetica, sans-serif; font-size: 10pt;\"><a href=\"https:\/\/travelandrun.blog\/voyage\/europe\/france\/nouvel-an-honfleur\/\">Honfleur<\/a><\/span><\/p>\n<p><a href=\"https:\/\/travelandrun.blog\/voyage\/europe\/france\/houlgate-cote-fleurie\/\"><span style=\"font-family: arial, helvetica, sans-serif; font-size: 10pt;\">Houlgate<\/span><\/a><\/p>\n<p><span style=\"font-family: arial, helvetica, sans-serif; font-size: 10pt;\">Paris &#8211; <\/span><a href=\"https:\/\/travelandrun.blog\/voyage\/europe\/france\/montmartre\/\"><span style=\"font-family: arial, helvetica, sans-serif; font-size: 10pt;\">Montmartre<\/span><\/a><\/p>\n<p><span style=\"font-family: arial, helvetica, sans-serif; font-size: 10pt;\"><a href=\"http:\/\/travelandrun.blog\/running\/compte-rendu\/porto-vecchio-octobre-2016-premier-semi-marathon\/\">Porto Vecchio<\/a> (semi-marathon)<\/span><\/p>\n<p><a href=\"https:\/\/travelandrun.blog\/voyage\/europe\/france\/les-sables-olonne\/\"><span style=\"font-family: arial, helvetica, sans-serif; font-size: 10pt;\">Sables d&#8217;Olonne<\/span><\/a><\/p>\n<p><span style=\"font-family: arial, helvetica, sans-serif; font-size: 10pt;\"><a href=\"https:\/\/travelandrun.blog\/voyage\/europe\/france\/troyes\/\">Troyes<\/a><\/span><\/p>\n<ul>\n<li>\n<h3><span style=\"font-family: 'arial black', sans-serif; font-size: 12pt;\">Italy<\/span><\/h3>\n<\/li>\n<\/ul>\n<p><a href=\"http:\/\/travelandrun.blog\/voyage\/europe\/italie\/milan-septembre-2015\/\"><span style=\"font-family: arial, helvetica, sans-serif; font-size: 10pt;\">Milan<\/span><\/a><\/p>\n<p><a href=\"http:\/\/travelandrun.blog\/voyage\/europe\/italie\/rome-2014\/\"><span style=\"font-family: arial, helvetica, sans-serif; font-size: 10pt;\">Roma<\/span><\/a><\/p>\n<p><a href=\"http:\/\/travelandrun.blog\/voyage\/europe\/italie\/venise-2017\/\"><span style=\"font-family: arial, helvetica, sans-serif; font-size: 10pt;\">Venice<\/span><\/a><\/p>\n<ul>\n<li>\n<h3><span style=\"font-family: 'arial black', sans-serif; font-size: 12pt;\">Netherlands<\/span><\/h3>\n<\/li>\n<\/ul>\n<p><a href=\"https:\/\/travelandrun.blog\/voyage\/europe\/pays-bas\/amsterdamn-city-trip\/\"><span style=\"font-family: arial, helvetica, sans-serif;\"><span style=\"font-size: 13.3333px;\">Amsterdam<\/span><\/span><\/a><\/p>\n<ul>\n<li>\n<h3><span style=\"font-family: 'arial black', sans-serif; font-size: 12pt;\">Portugal<\/span><\/h3>\n<\/li>\n<\/ul>\n<p><a href=\"http:\/\/travelandrun.blog\/voyage\/europe\/portugal\/lisbonne\/\"><span style=\"font-family: arial, helvetica, sans-serif; font-size: 10pt;\">Lisbon<\/span><\/a><\/p>\n<ul>\n<li>\n<h3><span style=\"font-family: 'arial black', sans-serif; font-size: 12pt;\">United-Kingdom<\/span><\/h3>\n<\/li>\n<\/ul>\n<p><a href=\"http:\/\/travelandrun.blog\/voyage\/europe\/royaume-uni\/londres-mars-2016\/\"><span style=\"font-family: arial, helvetica, sans-serif; font-size: 10pt;\">London<\/span><\/a><\/p>\n<p><a href=\"\/\/www.pinterest.com\/pin\/create\/button\/\" data-pin-do=\"buttonBookmark\" data-pin-color=\"red\" data-pin-height=\"128\"><img data-recalc-dims=\"1\" decoding=\"async\" src=\"https:\/\/i0.wp.com\/assets.pinterest.com\/images\/pidgets\/pinit_fg_en_rect_red_28.png?w=940\" \/><\/a><\/p>","protected":false},"excerpt":{"rendered":"<p>Europe, the old continent! History, architecture but also crazy landscapes! The map Find a map of Europe here to view the various points of interest. Making regular trips, the card will be supplemented gradually. Click on each marker to discover my dedicated article. &nbsp; Here are also my posts by country Belgium Antwerpen Brussels Croatia National parks\u00a0(Plitvice \/ Krka) Spain Alicante Barcelona Madrid Valence France Chartres Colmar (visite et semi-marathon) Etretat Honfleur Houlgate Paris &#8211; Montmartre Porto Vecchio (semi-marathon) Sables d&#8217;Olonne Troyes Italy Milan Roma Venice Netherlands Amsterdam Portugal Lisbon United-Kingdom London<\/p>\n","protected":false},"author":1,"featured_media":5735,"parent":0,"menu_order":0,"comment_status":"closed","ping_status":"closed","template":"","meta":{"_exactmetrics_skip_tracking":false,"_exactmetrics_sitenote_active":false,"_exactmetrics_sitenote_note":"","_exactmetrics_sitenote_category":0,"jetpack_post_was_ever_published":false,"footnotes":""},"class_list":["post-5115","page","type-page","status-publish","has-post-thumbnail","hentry"],"yoast_head":"<!-- This site is optimized with the Yoast SEO plugin v27.3 - https:\/\/yoast.com\/product\/yoast-seo-wordpress\/ -->\n<title>Europe : The summary map - Travel and run<\/title>\n<meta name=\"description\" content=\"(Fran\u00e7ais) Carte r\u00e9sum\u00e9e de mes voyages en Europe\" \/>\n<meta name=\"robots\" content=\"index, follow, max-snippet:-1, max-image-preview:large, max-video-preview:-1\" \/>\n<link rel=\"canonical\" href=\"https:\/\/travelandrun.blog\/en\/europe-carte\/\" \/>\n<meta property=\"og:locale\" content=\"en_US\" \/>\n<meta property=\"og:type\" content=\"article\" \/>\n<meta property=\"og:title\" content=\"Europe : The summary map - Travel and run\" \/>\n<meta property=\"og:description\" content=\"(Fran\u00e7ais) Carte r\u00e9sum\u00e9e de mes voyages en Europe\" \/>\n<meta property=\"og:url\" content=\"https:\/\/travelandrun.blog\/europe-carte\/\" \/>\n<meta property=\"og:site_name\" content=\"Travel and run\" \/>\n<meta property=\"article:modified_time\" content=\"2023-12-16T13:59:04+00:00\" \/>\n<meta property=\"og:image\" content=\"https:\/\/travelandrun.blog\/wp-content\/uploads\/2020\/09\/Sacre-coeur_1-scaled.jpg\" \/>\n\t<meta property=\"og:image:width\" content=\"2560\" \/>\n\t<meta property=\"og:image:height\" content=\"1704\" \/>\n\t<meta property=\"og:image:type\" content=\"image\/jpeg\" \/>\n<meta name=\"twitter:card\" content=\"summary_large_image\" \/>\n<meta name=\"twitter:label1\" content=\"Est. reading time\" \/>\n\t<meta name=\"twitter:data1\" content=\"1 minute\" \/>\n<script type=\"application\/ld+json\" class=\"yoast-schema-graph\">{\"@context\":\"https:\\\/\\\/schema.org\",\"@graph\":[{\"@type\":\"WebPage\",\"@id\":\"https:\\\/\\\/travelandrun.blog\\\/europe-carte\\\/\",\"url\":\"https:\\\/\\\/travelandrun.blog\\\/europe-carte\\\/\",\"name\":\"Europe : The summary map - Travel and run\",\"isPartOf\":{\"@id\":\"https:\\\/\\\/travelandrun.blog\\\/#website\"},\"primaryImageOfPage\":{\"@id\":\"https:\\\/\\\/travelandrun.blog\\\/europe-carte\\\/#primaryimage\"},\"image\":{\"@id\":\"https:\\\/\\\/travelandrun.blog\\\/europe-carte\\\/#primaryimage\"},\"thumbnailUrl\":\"https:\\\/\\\/i0.wp.com\\\/travelandrun.blog\\\/wp-content\\\/uploads\\\/2020\\\/09\\\/Sacre-coeur_1-scaled.jpg?fit=2560%2C1704&ssl=1\",\"datePublished\":\"2019-12-19T19:05:52+00:00\",\"dateModified\":\"2023-12-16T13:59:04+00:00\",\"description\":\"(Fran\u00e7ais) Carte r\u00e9sum\u00e9e de mes voyages en Europe\",\"breadcrumb\":{\"@id\":\"https:\\\/\\\/travelandrun.blog\\\/europe-carte\\\/#breadcrumb\"},\"inLanguage\":\"en-US\",\"potentialAction\":[{\"@type\":\"ReadAction\",\"target\":[\"https:\\\/\\\/travelandrun.blog\\\/europe-carte\\\/\"]}]},{\"@type\":\"ImageObject\",\"inLanguage\":\"en-US\",\"@id\":\"https:\\\/\\\/travelandrun.blog\\\/europe-carte\\\/#primaryimage\",\"url\":\"https:\\\/\\\/i0.wp.com\\\/travelandrun.blog\\\/wp-content\\\/uploads\\\/2020\\\/09\\\/Sacre-coeur_1-scaled.jpg?fit=2560%2C1704&ssl=1\",\"contentUrl\":\"https:\\\/\\\/i0.wp.com\\\/travelandrun.blog\\\/wp-content\\\/uploads\\\/2020\\\/09\\\/Sacre-coeur_1-scaled.jpg?fit=2560%2C1704&ssl=1\",\"width\":2560,\"height\":1704},{\"@type\":\"BreadcrumbList\",\"@id\":\"https:\\\/\\\/travelandrun.blog\\\/europe-carte\\\/#breadcrumb\",\"itemListElement\":[{\"@type\":\"ListItem\",\"position\":1,\"name\":\"Accueil\",\"item\":\"https:\\\/\\\/travelandrun.blog\\\/\"},{\"@type\":\"ListItem\",\"position\":2,\"name\":\"Europe &#8211; la carte\"}]},{\"@type\":\"WebSite\",\"@id\":\"https:\\\/\\\/travelandrun.blog\\\/#website\",\"url\":\"https:\\\/\\\/travelandrun.blog\\\/\",\"name\":\"Travel and run\",\"description\":\"Voyage solo et running\",\"publisher\":{\"@id\":\"https:\\\/\\\/travelandrun.blog\\\/#\\\/schema\\\/person\\\/6331ad6252d4c26751a5335e4efe7c41\"},\"potentialAction\":[{\"@type\":\"SearchAction\",\"target\":{\"@type\":\"EntryPoint\",\"urlTemplate\":\"https:\\\/\\\/travelandrun.blog\\\/?s={search_term_string}\"},\"query-input\":{\"@type\":\"PropertyValueSpecification\",\"valueRequired\":true,\"valueName\":\"search_term_string\"}}],\"inLanguage\":\"en-US\"},{\"@type\":[\"Person\",\"Organization\"],\"@id\":\"https:\\\/\\\/travelandrun.blog\\\/#\\\/schema\\\/person\\\/6331ad6252d4c26751a5335e4efe7c41\",\"name\":\"Travelandrun\",\"image\":{\"@type\":\"ImageObject\",\"inLanguage\":\"en-US\",\"@id\":\"https:\\\/\\\/secure.gravatar.com\\\/avatar\\\/14b3ceb4dd5a7845d61aa09ffd851c32b70656e1d53161c07e49eacdeaa46cf4?s=96&d=mm&r=g\",\"url\":\"https:\\\/\\\/secure.gravatar.com\\\/avatar\\\/14b3ceb4dd5a7845d61aa09ffd851c32b70656e1d53161c07e49eacdeaa46cf4?s=96&d=mm&r=g\",\"contentUrl\":\"https:\\\/\\\/secure.gravatar.com\\\/avatar\\\/14b3ceb4dd5a7845d61aa09ffd851c32b70656e1d53161c07e49eacdeaa46cf4?s=96&d=mm&r=g\",\"caption\":\"Travelandrun\"},\"logo\":{\"@id\":\"https:\\\/\\\/secure.gravatar.com\\\/avatar\\\/14b3ceb4dd5a7845d61aa09ffd851c32b70656e1d53161c07e49eacdeaa46cf4?s=96&d=mm&r=g\"}}]}<\/script>\n<!-- \/ Yoast SEO plugin. -->","yoast_head_json":{"title":"Europe : The summary map - Travel and run","description":"(Fran\u00e7ais) Carte r\u00e9sum\u00e9e de mes voyages en Europe","robots":{"index":"index","follow":"follow","max-snippet":"max-snippet:-1","max-image-preview":"max-image-preview:large","max-video-preview":"max-video-preview:-1"},"canonical":"https:\/\/travelandrun.blog\/en\/europe-carte\/","og_locale":"en_US","og_type":"article","og_title":"Europe : The summary map - Travel and run","og_description":"(Fran\u00e7ais) Carte r\u00e9sum\u00e9e de mes voyages en Europe","og_url":"https:\/\/travelandrun.blog\/europe-carte\/","og_site_name":"Travel and run","article_modified_time":"2023-12-16T13:59:04+00:00","og_image":[{"width":2560,"height":1704,"url":"https:\/\/travelandrun.blog\/wp-content\/uploads\/2020\/09\/Sacre-coeur_1-scaled.jpg","type":"image\/jpeg"}],"twitter_card":"summary_large_image","twitter_misc":{"Est. reading time":"1 minute"},"schema":{"@context":"https:\/\/schema.org","@graph":[{"@type":"WebPage","@id":"https:\/\/travelandrun.blog\/europe-carte\/","url":"https:\/\/travelandrun.blog\/europe-carte\/","name":"Europe : The summary map - Travel and run","isPartOf":{"@id":"https:\/\/travelandrun.blog\/#website"},"primaryImageOfPage":{"@id":"https:\/\/travelandrun.blog\/europe-carte\/#primaryimage"},"image":{"@id":"https:\/\/travelandrun.blog\/europe-carte\/#primaryimage"},"thumbnailUrl":"https:\/\/i0.wp.com\/travelandrun.blog\/wp-content\/uploads\/2020\/09\/Sacre-coeur_1-scaled.jpg?fit=2560%2C1704&ssl=1","datePublished":"2019-12-19T19:05:52+00:00","dateModified":"2023-12-16T13:59:04+00:00","description":"(Fran\u00e7ais) Carte r\u00e9sum\u00e9e de mes voyages en Europe","breadcrumb":{"@id":"https:\/\/travelandrun.blog\/europe-carte\/#breadcrumb"},"inLanguage":"en-US","potentialAction":[{"@type":"ReadAction","target":["https:\/\/travelandrun.blog\/europe-carte\/"]}]},{"@type":"ImageObject","inLanguage":"en-US","@id":"https:\/\/travelandrun.blog\/europe-carte\/#primaryimage","url":"https:\/\/i0.wp.com\/travelandrun.blog\/wp-content\/uploads\/2020\/09\/Sacre-coeur_1-scaled.jpg?fit=2560%2C1704&ssl=1","contentUrl":"https:\/\/i0.wp.com\/travelandrun.blog\/wp-content\/uploads\/2020\/09\/Sacre-coeur_1-scaled.jpg?fit=2560%2C1704&ssl=1","width":2560,"height":1704},{"@type":"BreadcrumbList","@id":"https:\/\/travelandrun.blog\/europe-carte\/#breadcrumb","itemListElement":[{"@type":"ListItem","position":1,"name":"Accueil","item":"https:\/\/travelandrun.blog\/"},{"@type":"ListItem","position":2,"name":"Europe &#8211; la carte"}]},{"@type":"WebSite","@id":"https:\/\/travelandrun.blog\/#website","url":"https:\/\/travelandrun.blog\/","name":"Travel and run","description":"Voyage solo et running","publisher":{"@id":"https:\/\/travelandrun.blog\/#\/schema\/person\/6331ad6252d4c26751a5335e4efe7c41"},"potentialAction":[{"@type":"SearchAction","target":{"@type":"EntryPoint","urlTemplate":"https:\/\/travelandrun.blog\/?s={search_term_string}"},"query-input":{"@type":"PropertyValueSpecification","valueRequired":true,"valueName":"search_term_string"}}],"inLanguage":"en-US"},{"@type":["Person","Organization"],"@id":"https:\/\/travelandrun.blog\/#\/schema\/person\/6331ad6252d4c26751a5335e4efe7c41","name":"Travelandrun","image":{"@type":"ImageObject","inLanguage":"en-US","@id":"https:\/\/secure.gravatar.com\/avatar\/14b3ceb4dd5a7845d61aa09ffd851c32b70656e1d53161c07e49eacdeaa46cf4?s=96&d=mm&r=g","url":"https:\/\/secure.gravatar.com\/avatar\/14b3ceb4dd5a7845d61aa09ffd851c32b70656e1d53161c07e49eacdeaa46cf4?s=96&d=mm&r=g","contentUrl":"https:\/\/secure.gravatar.com\/avatar\/14b3ceb4dd5a7845d61aa09ffd851c32b70656e1d53161c07e49eacdeaa46cf4?s=96&d=mm&r=g","caption":"Travelandrun"},"logo":{"@id":"https:\/\/secure.gravatar.com\/avatar\/14b3ceb4dd5a7845d61aa09ffd851c32b70656e1d53161c07e49eacdeaa46cf4?s=96&d=mm&r=g"}}]}},"jetpack_sharing_enabled":true,"jetpack_shortlink":"https:\/\/wp.me\/P9EXJl-1kv","jetpack_likes_enabled":true,"jetpack-related-posts":[{"id":3537,"url":"https:\/\/travelandrun.blog\/en\/asie-s\/","url_meta":{"origin":5115,"position":0},"title":"South Asia &#8211; The summary map","author":"Travelandrun","date":"Wednesday May 30th, 2018","format":false,"excerpt":"I discovered South Asie in 2017 during my trip in Sri Lanka. The map Find here a South Asia map to visualise spots I visited.\u00a0Click on each pin to discover the dedicated post \ud83d\ude42 \u00a0 Sri Lanka The summary post Kandy (and Sigiriya) Ella (and the mythical train journey) Uda\u2026","rel":"","context":"Similar post","block_context":{"text":"Similar post","link":""},"img":{"alt_text":"train-kandy-ella","src":"https:\/\/i0.wp.com\/travelandrun.blog\/wp-content\/uploads\/2017\/11\/train-kandy_ella_4.jpg?fit=1200%2C799&ssl=1&resize=350%2C200","width":350,"height":200,"srcset":"https:\/\/i0.wp.com\/travelandrun.blog\/wp-content\/uploads\/2017\/11\/train-kandy_ella_4.jpg?fit=1200%2C799&ssl=1&resize=350%2C200 1x, https:\/\/i0.wp.com\/travelandrun.blog\/wp-content\/uploads\/2017\/11\/train-kandy_ella_4.jpg?fit=1200%2C799&ssl=1&resize=525%2C300 1.5x, https:\/\/i0.wp.com\/travelandrun.blog\/wp-content\/uploads\/2017\/11\/train-kandy_ella_4.jpg?fit=1200%2C799&ssl=1&resize=700%2C400 2x, https:\/\/i0.wp.com\/travelandrun.blog\/wp-content\/uploads\/2017\/11\/train-kandy_ella_4.jpg?fit=1200%2C799&ssl=1&resize=1050%2C600 3x"},"classes":[]},{"id":3581,"url":"https:\/\/travelandrun.blog\/en\/asie-se\/","url_meta":{"origin":5115,"position":1},"title":"Southest Asia &#8211; The summary map","author":"Travelandrun","date":"Friday June  1st, 2018","format":false,"excerpt":"I discovered Southeast Asie in 2016 during a stopover in Singapore. The map Find here a South Asia map to visualise spots I visited.\u00a0Click on each pin to discover the dedicated post \ud83d\ude42 \u00a0 Malaysia Kuala Lumpur Philippines Apo Island Bohol Coron Malapascua Manila Siquijor Singapore Stopover day in Singapour","rel":"","context":"Similar post","block_context":{"text":"Similar post","link":""},"img":{"alt_text":"kayangan lake Coron Philippines","src":"https:\/\/i0.wp.com\/travelandrun.blog\/wp-content\/uploads\/2019\/01\/kayangan-lake_1-min.jpg?fit=1200%2C800&ssl=1&resize=350%2C200","width":350,"height":200,"srcset":"https:\/\/i0.wp.com\/travelandrun.blog\/wp-content\/uploads\/2019\/01\/kayangan-lake_1-min.jpg?fit=1200%2C800&ssl=1&resize=350%2C200 1x, https:\/\/i0.wp.com\/travelandrun.blog\/wp-content\/uploads\/2019\/01\/kayangan-lake_1-min.jpg?fit=1200%2C800&ssl=1&resize=525%2C300 1.5x, https:\/\/i0.wp.com\/travelandrun.blog\/wp-content\/uploads\/2019\/01\/kayangan-lake_1-min.jpg?fit=1200%2C800&ssl=1&resize=700%2C400 2x, https:\/\/i0.wp.com\/travelandrun.blog\/wp-content\/uploads\/2019\/01\/kayangan-lake_1-min.jpg?fit=1200%2C800&ssl=1&resize=1050%2C600 3x"},"classes":[]},{"id":3981,"url":"https:\/\/travelandrun.blog\/en\/pacifique\/","url_meta":{"origin":5115,"position":2},"title":"Oceania islands &#8211; The summary map","author":"Travelandrun","date":"Tuesday September 11th, 2018","format":false,"excerpt":"My discovery of the Pacific began in 2016 when I decided to visit a friend in Vanuatu. The Map Find here a map of the Pacific to visualize the different islands visited. I hope to be able to extend my discovery of this region of the world! \u00a0 \u00a0 The\u2026","rel":"","context":"Similar post","block_context":{"text":"Similar post","link":""},"img":{"alt_text":"mouli-ouvea-caledonie","src":"https:\/\/i0.wp.com\/travelandrun.blog\/wp-content\/uploads\/2018\/09\/Mouli_2.jpg?fit=1200%2C800&ssl=1&resize=350%2C200","width":350,"height":200,"srcset":"https:\/\/i0.wp.com\/travelandrun.blog\/wp-content\/uploads\/2018\/09\/Mouli_2.jpg?fit=1200%2C800&ssl=1&resize=350%2C200 1x, https:\/\/i0.wp.com\/travelandrun.blog\/wp-content\/uploads\/2018\/09\/Mouli_2.jpg?fit=1200%2C800&ssl=1&resize=525%2C300 1.5x, https:\/\/i0.wp.com\/travelandrun.blog\/wp-content\/uploads\/2018\/09\/Mouli_2.jpg?fit=1200%2C800&ssl=1&resize=700%2C400 2x, https:\/\/i0.wp.com\/travelandrun.blog\/wp-content\/uploads\/2018\/09\/Mouli_2.jpg?fit=1200%2C800&ssl=1&resize=1050%2C600 3x"},"classes":[]},{"id":3592,"url":"https:\/\/travelandrun.blog\/en\/australie\/","url_meta":{"origin":5115,"position":3},"title":"Australia &#8211; The summary map","author":"Travelandrun","date":"Wednesday June  6th, 2018","format":false,"excerpt":"During my stay in Oceania, I took a WHV for Australia as well. The map Find here an australian map to visualise spots I visited. My real trip (long stay) will start in 2019, you'll find more information then.\u00a0Click on each pin to discover the dedicated post \ud83d\ude42 \u00a0 Road\u2026","rel":"","context":"Similar post","block_context":{"text":"Similar post","link":""},"img":{"alt_text":"Lucky bay Australie WA","src":"https:\/\/i0.wp.com\/travelandrun.blog\/wp-content\/uploads\/2020\/01\/Lucky-bay_5-min-scaled.jpg?fit=1200%2C799&ssl=1&resize=350%2C200","width":350,"height":200,"srcset":"https:\/\/i0.wp.com\/travelandrun.blog\/wp-content\/uploads\/2020\/01\/Lucky-bay_5-min-scaled.jpg?fit=1200%2C799&ssl=1&resize=350%2C200 1x, https:\/\/i0.wp.com\/travelandrun.blog\/wp-content\/uploads\/2020\/01\/Lucky-bay_5-min-scaled.jpg?fit=1200%2C799&ssl=1&resize=525%2C300 1.5x, https:\/\/i0.wp.com\/travelandrun.blog\/wp-content\/uploads\/2020\/01\/Lucky-bay_5-min-scaled.jpg?fit=1200%2C799&ssl=1&resize=700%2C400 2x, https:\/\/i0.wp.com\/travelandrun.blog\/wp-content\/uploads\/2020\/01\/Lucky-bay_5-min-scaled.jpg?fit=1200%2C799&ssl=1&resize=1050%2C600 3x"},"classes":[]},{"id":3387,"url":"https:\/\/travelandrun.blog\/en\/nouvelle-zelande-carte\/","url_meta":{"origin":5115,"position":4},"title":"New Zealand &#8211; The summary map","author":"Travelandrun","date":"Friday May 25th, 2018","format":false,"excerpt":"After a first trip in 2016, I decided to come back for a year in New Zealand (with a WHT visa). The map Find here a New Zealand map to visualize spots I visited. Click on each pin to discover the dedicated post \ud83d\ude42 \u00a0 \u00a0 I grouped all spots\u2026","rel":"","context":"Similar post","block_context":{"text":"Similar post","link":""},"img":{"alt_text":"moeraki boulders-NZ","src":"https:\/\/i0.wp.com\/travelandrun.blog\/wp-content\/uploads\/2018\/07\/Moeraki-boulders_2.jpg?fit=1200%2C799&ssl=1&resize=350%2C200","width":350,"height":200,"srcset":"https:\/\/i0.wp.com\/travelandrun.blog\/wp-content\/uploads\/2018\/07\/Moeraki-boulders_2.jpg?fit=1200%2C799&ssl=1&resize=350%2C200 1x, https:\/\/i0.wp.com\/travelandrun.blog\/wp-content\/uploads\/2018\/07\/Moeraki-boulders_2.jpg?fit=1200%2C799&ssl=1&resize=525%2C300 1.5x, https:\/\/i0.wp.com\/travelandrun.blog\/wp-content\/uploads\/2018\/07\/Moeraki-boulders_2.jpg?fit=1200%2C799&ssl=1&resize=700%2C400 2x, https:\/\/i0.wp.com\/travelandrun.blog\/wp-content\/uploads\/2018\/07\/Moeraki-boulders_2.jpg?fit=1200%2C799&ssl=1&resize=1050%2C600 3x"},"classes":[]},{"id":3299,"url":"https:\/\/travelandrun.blog\/en\/politique-de-cookie\/","url_meta":{"origin":5115,"position":5},"title":"Cookie policy","author":"Travelandrun","date":"Monday April  9th, 2018","format":false,"excerpt":"This site uses cookies-small text files that are placed on your machine to help the site to provide a better user experience. In general, cookies are used to preserve user preferences, store information for things like shopping carts and provide anonymized tracking data to third-party applications like Google Analytics. As\u2026","rel":"","context":"Similar post","block_context":{"text":"Similar post","link":""},"img":{"alt_text":"","src":"","width":0,"height":0},"classes":[]}],"_links":{"self":[{"href":"https:\/\/travelandrun.blog\/en\/wp-json\/wp\/v2\/pages\/5115","targetHints":{"allow":["GET"]}}],"collection":[{"href":"https:\/\/travelandrun.blog\/en\/wp-json\/wp\/v2\/pages"}],"about":[{"href":"https:\/\/travelandrun.blog\/en\/wp-json\/wp\/v2\/types\/page"}],"author":[{"embeddable":true,"href":"https:\/\/travelandrun.blog\/en\/wp-json\/wp\/v2\/users\/1"}],"replies":[{"embeddable":true,"href":"https:\/\/travelandrun.blog\/en\/wp-json\/wp\/v2\/comments?post=5115"}],"version-history":[{"count":10,"href":"https:\/\/travelandrun.blog\/en\/wp-json\/wp\/v2\/pages\/5115\/revisions"}],"predecessor-version":[{"id":6894,"href":"https:\/\/travelandrun.blog\/en\/wp-json\/wp\/v2\/pages\/5115\/revisions\/6894"}],"wp:featuredmedia":[{"embeddable":true,"href":"https:\/\/travelandrun.blog\/en\/wp-json\/wp\/v2\/media\/5735"}],"wp:attachment":[{"href":"https:\/\/travelandrun.blog\/en\/wp-json\/wp\/v2\/media?parent=5115"}],"curies":[{"name":"wp","href":"https:\/\/api.w.org\/{rel}","templated":true}]}}